{"id":102,"date":"2019-08-22T12:16:50","date_gmt":"2019-08-22T12:16:50","guid":{"rendered":"http:\/\/aescumed-aerzteservice.de\/?page_id=102"},"modified":"2021-02-10T19:09:56","modified_gmt":"2021-02-10T19:09:56","slug":"leistungen","status":"publish","type":"page","link":"https:\/\/aescumed-aerzteservice.de\/?page_id=102","title":{"rendered":"Unsere Leistungen f\u00fcr Sie"},"content":{"rendered":"\n<p>Seit vielen Jahren betreut unsere Verrechnungsstelle niedergelassene \u00c4rzte, Kliniken und Chef\u00e4rzte und Kunden aus weiteren Heilberufen.<br>Wir begleiten unsere Kunden mit Erfahrung und Kompetenz, von der Honorarabrechnung, \u00fcber die Korrespondenz mit Privatpatienten und Versicherungen, bis zu einer fundierten Beratung in allen Abrechnungsfragen.<\/p>\n\n\n\n<h4 class=\"wp-block-heading\">Privatabrechnung<\/h4>\n\n\n\n<blockquote class=\"wp-block-quote\"><p>Von der Kontrolle Ihrer Rechnungsvorgaben bis zu Erstellung und Versand der Rechnungen \u00fcbernehmen wir die Bearbeitung Ihrer Privatliquidation komplett. Ihre Abrechnungsdaten k\u00f6nnen Sie zu jedem beliebigen Zeitpunkt bei uns einreichen. Daf\u00fcr steht Ihnen und Ihrem Team in unserer Abrechnungsstelle ein fester Ansprechpartner zur Verf\u00fcgung.<br><br>Jede Rechnung wird von uns auf Richtigkeit und Plausibilit\u00e4t sowie korrekte Anwendung der jeweiligen Geb\u00fchrenordnungen (GO\u00c4, UVGO\u00c4, GOP, Geb\u00fcH) und Ihrer Vorgaben gepr\u00fcft. F\u00e4llt uns etwas auf, melden wir uns grunds\u00e4tzlich pers\u00f6nlich bei Ihnen. Alle unsere T\u00e4tigkeiten werden schriftlich dokumentiert. Sie erhalten p\u00fcnktlich jeden Monat einen Sachstandsbericht \u00fcber Rechnungsausgang, Zahlungseingang und offene Posten und bei Bedarf zus\u00e4tzlich individuelle Auswertungen.<\/p><p>Zu unserem Abrechnungsservice geh\u00f6rt auch die buchhalterische Aufbereitung Ihrer Privatabrechnung f\u00fcr die sofortige Weiterleitung an Ihren Steuerberater.<\/p><\/blockquote>\n\n\n\n<h4 class=\"wp-block-heading\">Korrespondenz<\/h4>\n\n\n\n<blockquote class=\"wp-block-quote\"><p>Ihr Ansprechpartner in unserer Abrechnungsstelle \u00fcbernimmt den Schriftverkehr und die Telefonate mit Ihren Privatpatienten und den Versicherungstr\u00e4gern. Freundlich und l\u00f6sungsorientiert beantworten wir in enger Abstimmung mit Ihnen R\u00fcckfragen von Patienten und Kostentr\u00e4gern.<br>Lassen Sie uns f\u00fcr Sie arbeiten und genie\u00dfen Sie die Entlastung von aufwendigen Verwaltungsaufgaben!<\/p><\/blockquote>\n\n\n\n<h4 class=\"wp-block-heading\">Forderungsmanagement<\/h4>\n\n\n\n<blockquote class=\"wp-block-quote\"><p>Die Aufgaben rund um das Mahnwesen geh\u00f6ren zu den manchmal sehr unangenehmen Anforderungen im Praxisalltag. Wir erledigen diese mit Fingerspitzengef\u00fchl, Freundlichkeit und in Absprache mit Ihnen. Auf Wunsch vermitteln wir \u00fcber unsere Netzwerkpartner auch die gerichtliche Beitreibung. Damit keine unn\u00f6tigen Kosten entstehen, \u00fcberpr\u00fcfen wir zuvor die Bonit\u00e4t des Schuldners. Ist der Privatpatient unbekannt verzogen bzw. verstorben, ermitteln wir seine neue Adresse oder die seiner Erben.<br>Au\u00dfenst\u00e4nde werden professionell und erfolgreich durch unsere Netzwerkpartner beigetrieben.<\/p><\/blockquote>\n\n\n\n<h4 class=\"wp-block-heading\">Beratung und Support<\/h4>\n\n\n\n<blockquote class=\"wp-block-quote\"><p>Mit uns steht Ihnen eine privat\u00e4rztliche Verrechnungsstelle mit langj\u00e4hriger Erfahrung zur Seite. Unsere Mitarbeiter sind Abrechnungsexperten in der Geb\u00fchrenordnung und immer auf dem neuesten Stand. Das bedeutet f\u00fcr Sie: In allen Fragen im Zusammenhang mit der GO\u00c4, UVGO\u00c4, GOP, Geb\u00fcH und Abrechnung von IgeL- und sonstigen therapeutischen Leistungen werden Sie kompetent beraten. Wir kennen Ihre individuellen Anforderungen und denken f\u00fcr Sie mit.<\/p><\/blockquote>\n\n\n\n<h4 class=\"wp-block-heading\">Zusammenarbeit<\/h4>\n\n\n\n<blockquote class=\"wp-block-quote\"><p>Um unseren Abrechnungsservice f\u00fcr sich zu nutzen, m\u00fcssen Sie Ihrerseits nur wenig tun.&nbsp;<br>Bitten lassen Sie unser Formular zum Datenschutz vom Patienten unterzeichnen. Einmalig stellen wir Ihre Praxissoftware ein. Hiernach brauchen wir von Ihnen nur Ihre Behandlungsdaten und gegebenenfalls Ihre Privatrezepte. Diese k\u00f6nnen Sie uns jederzeit schicken oder senden, ausgedruckt oder auch handschriftlich auf Papier, digital per Datentr\u00e4ger oder online.<\/p><\/blockquote>\n\n\n\n<h4 class=\"wp-block-heading\">Kosten<\/h4>\n\n\n\n<blockquote class=\"wp-block-quote\"><p>Die Kosten f\u00fcr unseren Abrechnungsservice sind transparent und klar. Es gibt keine Staffelpreise oder Mitgliedsbeitr\u00e4ge. Sie bezahlen in Form eines prozentualen Anteils und einer Bearbeitungsgeb\u00fchr pro Abrechnung f\u00fcr unsere Leistung. Da keine Praxis wie die andere ist, legen wir die Bearbeitungsgeb\u00fchr f\u00fcr unsere Kunden individuell fest und unterbreiten Interessenten gerne ein individuelles Angebot.&nbsp;Unsere Geb\u00fchren k\u00f6nnen Sie als Betriebsausgaben steuerlich geltend machen.<\/p><p>Unser Abrechnungsservice zahlt sich doppelt f\u00fcr Sie aus: Denn in der Zeit, in der wir uns um Ihre Abrechnungen k\u00fcmmern, k\u00f6nnen Sie neue Patienten behandeln oder gewinnen wertvolle Zeit f\u00fcr die Weiterentwicklung Ihrer Praxis.<\/p><\/blockquote>\n\n\n\n<p><\/p>\n","protected":false},"excerpt":{"rendered":"<p>Seit vielen Jahren betreut unsere Verrechnungsstelle niedergelassene \u00c4rzte, Kliniken und Chef\u00e4rzte und Kunden aus weiteren Heilberufen.Wir begleiten unsere Kunden mit Erfahrung und Kompetenz, von der Honorarabrechnung, \u00fcber die Korrespondenz mit Privatpatienten und Versicherungen, bis zu einer fundierten Beratung in allen Abrechnungsfragen. Privatabrechnung Von der Kontrolle Ihrer Rechnungsvorgaben bis zu Erstellung und Versand der Rechnungen \u00fcbernehmen &hellip; <\/p>\n<p class=\"link-more\"><a href=\"https:\/\/aescumed-aerzteservice.de\/?page_id=102\" class=\"more-link\"><span class=\"screen-reader-text\">\u201eUnsere Leistungen f\u00fcr Sie\u201c<\/span> weiterlesen<\/a><\/p>\n","protected":false},"author":1,"featured_media":0,"parent":0,"menu_order":0,"comment_status":"closed","ping_status":"closed","template":"","meta":{"footnotes":""},"_links":{"self":[{"href":"https:\/\/aescumed-aerzteservice.de\/index.php?rest_route=\/wp\/v2\/pages\/102"}],"collection":[{"href":"https:\/\/aescumed-aerzteservice.de\/index.php?rest_route=\/wp\/v2\/pages"}],"about":[{"href":"https:\/\/aescumed-aerzteservice.de\/index.php?rest_route=\/wp\/v2\/types\/page"}],"author":[{"embeddable":true,"href":"https:\/\/aescumed-aerzteservice.de\/index.php?rest_route=\/wp\/v2\/users\/1"}],"replies":[{"embeddable":true,"href":"https:\/\/aescumed-aerzteservice.de\/index.php?rest_route=%2Fwp%2Fv2%2Fcomments&post=102"}],"version-history":[{"count":7,"href":"https:\/\/aescumed-aerzteservice.de\/index.php?rest_route=\/wp\/v2\/pages\/102\/revisions"}],"predecessor-version":[{"id":248,"href":"https:\/\/aescumed-aerzteservice.de\/index.php?rest_route=\/wp\/v2\/pages\/102\/revisions\/248"}],"wp:attachment":[{"href":"https:\/\/aescumed-aerzteservice.de\/index.php?rest_route=%2Fwp%2Fv2%2Fmedia&parent=102"}],"curies":[{"name":"wp","href":"https:\/\/api.w.org\/{rel}","templated":true}]}}