{"id":104,"date":"2019-08-22T12:18:14","date_gmt":"2019-08-22T12:18:14","guid":{"rendered":"http:\/\/aescumed-aerzteservice.de\/?page_id=104"},"modified":"2021-02-28T13:49:01","modified_gmt":"2021-02-28T13:49:01","slug":"testen-sie-uns","status":"publish","type":"page","link":"https:\/\/aescumed-aerzteservice.de\/?page_id=104","title":{"rendered":"Testen Sie uns!"},"content":{"rendered":"\n<p>Als privat\u00e4rztliche Abrechnungsstelle sind wir von der Qualit\u00e4t unseres Service&#8216; so \u00fcberzeugt, dass wir Ihnen ein besonderes Angebot machen:<\/p>\n\n\n\n<blockquote class=\"wp-block-quote\"><p>Nehmen Sie unseren kompletten Abrechnungsservice f\u00fcr 6 volle Monate in Anspruch!<\/p><\/blockquote>\n\n\n\n<p>Profitieren Sie von unseren Dienstleistungen wie Forderungsmanagement oder Abrechnungsberatung (GO\u00c4, UVGO\u00c4, GOP, Geb\u00fcH). Sollten Sie nach Ablauf der 6 Monate keine weitere Zusammenarbeit w\u00fcnschen, erstatten wir Ihnen die H\u00e4lfte der Bearbeitungsgeb\u00fchren unmittelbar zur\u00fcck.<\/p>\n\n\n\n<p><\/p>\n\n\n\n<p><\/p>\n","protected":false},"excerpt":{"rendered":"<p>Als privat\u00e4rztliche Abrechnungsstelle sind wir von der Qualit\u00e4t unseres Service&#8216; so \u00fcberzeugt, dass wir Ihnen ein besonderes Angebot machen: Nehmen Sie unseren kompletten Abrechnungsservice f\u00fcr 6 volle Monate in Anspruch! Profitieren Sie von unseren Dienstleistungen wie Forderungsmanagement oder Abrechnungsberatung (GO\u00c4, UVGO\u00c4, GOP, Geb\u00fcH). Sollten Sie nach Ablauf der 6 Monate keine weitere Zusammenarbeit w\u00fcnschen, erstatten &hellip; <\/p>\n<p class=\"link-more\"><a href=\"https:\/\/aescumed-aerzteservice.de\/?page_id=104\" class=\"more-link\"><span class=\"screen-reader-text\">\u201eTesten Sie uns!\u201c<\/span> weiterlesen<\/a><\/p>\n","protected":false},"author":1,"featured_media":0,"parent":0,"menu_order":0,"comment_status":"closed","ping_status":"closed","template":"","meta":{"footnotes":""},"_links":{"self":[{"href":"https:\/\/aescumed-aerzteservice.de\/index.php?rest_route=\/wp\/v2\/pages\/104"}],"collection":[{"href":"https:\/\/aescumed-aerzteservice.de\/index.php?rest_route=\/wp\/v2\/pages"}],"about":[{"href":"https:\/\/aescumed-aerzteservice.de\/index.php?rest_route=\/wp\/v2\/types\/page"}],"author":[{"embeddable":true,"href":"https:\/\/aescumed-aerzteservice.de\/index.php?rest_route=\/wp\/v2\/users\/1"}],"replies":[{"embeddable":true,"href":"https:\/\/aescumed-aerzteservice.de\/index.php?rest_route=%2Fwp%2Fv2%2Fcomments&post=104"}],"version-history":[{"count":14,"href":"https:\/\/aescumed-aerzteservice.de\/index.php?rest_route=\/wp\/v2\/pages\/104\/revisions"}],"predecessor-version":[{"id":251,"href":"https:\/\/aescumed-aerzteservice.de\/index.php?rest_route=\/wp\/v2\/pages\/104\/revisions\/251"}],"wp:attachment":[{"href":"https:\/\/aescumed-aerzteservice.de\/index.php?rest_route=%2Fwp%2Fv2%2Fmedia&parent=104"}],"curies":[{"name":"wp","href":"https:\/\/api.w.org\/{rel}","templated":true}]}}