{"id":65,"date":"2019-08-21T12:00:41","date_gmt":"2019-08-21T12:00:41","guid":{"rendered":"http:\/\/aescumed-aerzteservice.de\/?page_id=65"},"modified":"2023-09-11T11:12:39","modified_gmt":"2023-09-11T09:12:39","slug":"fuer-patienten","status":"publish","type":"page","link":"https:\/\/aescumed-aerzteservice.de\/?page_id=65","title":{"rendered":"Information f\u00fcr Patienten"},"content":{"rendered":"\n<p>Damit sich Ihr Arzt\/Behandler und das Praxisteam mehr Zeit f\u00fcr Sie nehmen k\u00f6nnen, wurden wir mit der Abwicklung der Privathonorarabrechnung beauftragt.<\/p>\n\n\n\n<blockquote class=\"wp-block-quote\">\n<p>Wir garantieren die sorgf\u00e4ltige, vertrauliche und korrekte Bearbeitung Ihrer Abrechnungsdaten.<\/p>\n<\/blockquote>\n\n\n\n<p>Unsere Mitarbeiter verpflichten sich zu absoluter Verschwiegenheit und strenger Einhaltung der g\u00fcltigen Datenschutzbestimmungen (DSGVO). Die uns bekannt gegebenen Daten unterstehen \u00fcberdies dem Schutz des&nbsp;<a href=\"http:\/\/www.gesetze-im-internet.de\/stgb\/__203.html\" target=\"_blank\" rel=\"noreferrer noopener\">\u00a7 203 Abs. 1 Nr. 6 StGB<\/a>.<\/p>\n\n\n\n<p>Gerne sind wir Ihnen bei R\u00fcckfragen behilflich und unterst\u00fctzen Sie in Kostenerstattungsfragen. Wie und wann Sie Ihren pers\u00f6nlichen Ansprechpartner am besten erreichen, finden Sie auf Ihrer Rechnung vermerkt.<\/p>\n\n\n\n<blockquote class=\"wp-block-quote\">\n<p>Als zus\u00e4tzlichen Service k\u00f6nnen Sie die <a href=\"https:\/\/aescumed-aerzteservice.de\/wp-content\/uploads\/2023\/09\/ae_Einverstaendniserklaerung_Abrechnung.pdf\" data-type=\"attachment\" data-id=\"264\" target=\"_blank\" rel=\"noreferrer noopener\">Einverst\u00e4ndniserkl\u00e4rung<\/a> des Patienten zur Abrechnung \u00fcber die aescumed-aerzteservice GmbH einsehen, so wie diese Ihnen von Ihrem Arzt\/Behandler zur Unterschrift vorgelegt wird oder wurde.<\/p>\n<\/blockquote>\n","protected":false},"excerpt":{"rendered":"<p>Damit sich Ihr Arzt\/Behandler und das Praxisteam mehr Zeit f\u00fcr Sie nehmen k\u00f6nnen, wurden wir mit der Abwicklung der Privathonorarabrechnung beauftragt. Wir garantieren die sorgf\u00e4ltige, vertrauliche und korrekte Bearbeitung Ihrer Abrechnungsdaten. Unsere Mitarbeiter verpflichten sich zu absoluter Verschwiegenheit und strenger Einhaltung der g\u00fcltigen Datenschutzbestimmungen (DSGVO). Die uns bekannt gegebenen Daten unterstehen \u00fcberdies dem Schutz des&nbsp;\u00a7 &hellip; <\/p>\n<p class=\"link-more\"><a href=\"https:\/\/aescumed-aerzteservice.de\/?page_id=65\" class=\"more-link\"><span class=\"screen-reader-text\">\u201eInformation f\u00fcr Patienten\u201c<\/span> weiterlesen<\/a><\/p>\n","protected":false},"author":1,"featured_media":0,"parent":0,"menu_order":0,"comment_status":"closed","ping_status":"closed","template":"","meta":{"footnotes":""},"_links":{"self":[{"href":"https:\/\/aescumed-aerzteservice.de\/index.php?rest_route=\/wp\/v2\/pages\/65"}],"collection":[{"href":"https:\/\/aescumed-aerzteservice.de\/index.php?rest_route=\/wp\/v2\/pages"}],"about":[{"href":"https:\/\/aescumed-aerzteservice.de\/index.php?rest_route=\/wp\/v2\/types\/page"}],"author":[{"embeddable":true,"href":"https:\/\/aescumed-aerzteservice.de\/index.php?rest_route=\/wp\/v2\/users\/1"}],"replies":[{"embeddable":true,"href":"https:\/\/aescumed-aerzteservice.de\/index.php?rest_route=%2Fwp%2Fv2%2Fcomments&post=65"}],"version-history":[{"count":12,"href":"https:\/\/aescumed-aerzteservice.de\/index.php?rest_route=\/wp\/v2\/pages\/65\/revisions"}],"predecessor-version":[{"id":266,"href":"https:\/\/aescumed-aerzteservice.de\/index.php?rest_route=\/wp\/v2\/pages\/65\/revisions\/266"}],"wp:attachment":[{"href":"https:\/\/aescumed-aerzteservice.de\/index.php?rest_route=%2Fwp%2Fv2%2Fmedia&parent=65"}],"curies":[{"name":"wp","href":"https:\/\/api.w.org\/{rel}","templated":true}]}}