{"id":72,"date":"2019-08-21T12:03:29","date_gmt":"2019-08-21T12:03:29","guid":{"rendered":"http:\/\/aescumed-aerzteservice.de\/?page_id=72"},"modified":"2019-12-18T20:13:20","modified_gmt":"2019-12-18T20:13:20","slug":"impressum","status":"publish","type":"page","link":"https:\/\/aescumed-aerzteservice.de\/?page_id=72","title":{"rendered":"Impressum"},"content":{"rendered":"\n<p>Verantwortlich f\u00fcr den Inhalt dieser Seite:<\/p>\n\n\n\n<p>aescumed-aerzteservice GmbH<br>Am Rupenhorn 12G<br>14055 Berlin<\/p>\n\n\n\n<p>Registergericht: Amtsgericht Berlin-Charlottenburg, Registernummer: HRB 208821B<\/p>\n\n\n\n<p>Vertreten durch G\u00f6tz W. Gleichmann (Gesch\u00e4ftsf\u00fchrender Gesellschafter) und Elke Rosenberg (Gesch\u00e4ftsf\u00fchrende Gesellschafterin)<\/p>\n\n\n\n<blockquote class=\"wp-block-quote\"><p>Kontakt:<\/p><p>aescumed-aerzteservice GmbH (Betriebsst\u00e4tte St. Ingbert)<br>Spitalstr. 11<br>66386 St. Ingbert<\/p><p>Tel. 06894 895 7777<\/p><p>Fax 06894 895 7779<\/p><p>Email info@aescumed-aerzteservice.de<\/p><\/blockquote>\n","protected":false},"excerpt":{"rendered":"<p>Verantwortlich f\u00fcr den Inhalt dieser Seite: aescumed-aerzteservice GmbHAm Rupenhorn 12G14055 Berlin Registergericht: Amtsgericht Berlin-Charlottenburg, Registernummer: HRB 208821B Vertreten durch G\u00f6tz W. Gleichmann (Gesch\u00e4ftsf\u00fchrender Gesellschafter) und Elke Rosenberg (Gesch\u00e4ftsf\u00fchrende Gesellschafterin) Kontakt: aescumed-aerzteservice GmbH (Betriebsst\u00e4tte St. Ingbert)Spitalstr. 1166386 St. Ingbert Tel. 06894 895 7777 Fax 06894 895 7779 Email info@aescumed-aerzteservice.de<\/p>\n","protected":false},"author":1,"featured_media":0,"parent":0,"menu_order":0,"comment_status":"closed","ping_status":"closed","template":"","meta":{"footnotes":""},"_links":{"self":[{"href":"https:\/\/aescumed-aerzteservice.de\/index.php?rest_route=\/wp\/v2\/pages\/72"}],"collection":[{"href":"https:\/\/aescumed-aerzteservice.de\/index.php?rest_route=\/wp\/v2\/pages"}],"about":[{"href":"https:\/\/aescumed-aerzteservice.de\/index.php?rest_route=\/wp\/v2\/types\/page"}],"author":[{"embeddable":true,"href":"https:\/\/aescumed-aerzteservice.de\/index.php?rest_route=\/wp\/v2\/users\/1"}],"replies":[{"embeddable":true,"href":"https:\/\/aescumed-aerzteservice.de\/index.php?rest_route=%2Fwp%2Fv2%2Fcomments&post=72"}],"version-history":[{"count":8,"href":"https:\/\/aescumed-aerzteservice.de\/index.php?rest_route=\/wp\/v2\/pages\/72\/revisions"}],"predecessor-version":[{"id":234,"href":"https:\/\/aescumed-aerzteservice.de\/index.php?rest_route=\/wp\/v2\/pages\/72\/revisions\/234"}],"wp:attachment":[{"href":"https:\/\/aescumed-aerzteservice.de\/index.php?rest_route=%2Fwp%2Fv2%2Fmedia&parent=72"}],"curies":[{"name":"wp","href":"https:\/\/api.w.org\/{rel}","templated":true}]}}