{"id":97,"date":"2019-08-22T12:07:08","date_gmt":"2019-08-22T12:07:08","guid":{"rendered":"http:\/\/aescumed-aerzteservice.de\/?page_id=97"},"modified":"2023-09-11T11:03:01","modified_gmt":"2023-09-11T09:03:01","slug":"datenschutz","status":"publish","type":"page","link":"https:\/\/aescumed-aerzteservice.de\/?page_id=97","title":{"rendered":"Datenschutz"},"content":{"rendered":"\n<h4 class=\"wp-block-heading\">Datenschutzerkl\u00e4rung Webseite&nbsp;aescumed-aerzteservice.de<\/h4>\n\n\n\n<h3 class=\"wp-block-heading\">A.&nbsp;&nbsp;&nbsp;Datenschutzziele<\/h3>\n\n\n\n<p>Wir streben eine langfristige Beziehung zu unseren Mitarbeitern\/innen und eine durchg\u00e4ngig hohe Zufriedenheit unserer Nutzer\/innen an. Dabei stellen wir insbesondere die Gestaltung der individuellen Beziehung zu Ihnen in den Mittelpunkt und richten alle unsere weiteren Ziele daran aus. Ein wichtiger Teil dieser Beziehungen basiert auf Vertrauen. Daher treten wir vollumf\u00e4nglich f\u00fcr den Schutz der Privatsph\u00e4re und des Rechts auf Datenschutz ein. Unser Ziel ist es, Mitarbeitern\/innen und Nutzern\/innen einen sicheren, risikolosen Service anzubieten.<\/p>\n\n\n\n<p>Um sicherzustellen, dass die Verarbeitung personenbezogener Daten nur in \u00dcbereinstimmung mit den gesetzlichen&nbsp;Grundlagen erfolgt, richten wir unsere Prozesse und technische Gestaltung an der Datenschutzgrundverordnung, dem Bundesdatenschutzgesetz und den weiteren relevanten Gesetzen aus. Insbesondere sollen&nbsp;nicht mehr personenbezogene Daten erhoben werden, als f\u00fcr den jeweiligen Zweck erforderlich sind und, es soll eine einfache Aus\u00fcbung der Betroffenenrechte sichergestellt werden.<\/p>\n\n\n\n<p>Die folgende Erkl\u00e4rung betrifft die Datenverarbeitung im Rahmen unseres Webangebots. Auch wenn wir organisatorische und auch technische Ma\u00dfnahmen ergriffen haben, um einen m\u00f6glichst durchg\u00e4ngigen Schutz des Angebots sicherzustellen, l\u00e4sst sich das Auftreten einer Sicherheitsl\u00fccke in elektronischen Kommunikationswegen naturgem\u00e4\u00df nicht vollst\u00e4ndig ausschlie\u00dfen. Aus diesem Grund steht es den Besuchern der Webseite frei, sich auch auf anderen Wegen \u00fcber uns zu informieren oder Informationen an uns zu \u00fcbermitteln.<\/p>\n\n\n\n<h3 class=\"wp-block-heading\">B.&nbsp;&nbsp;&nbsp;Begrifflichkeiten<\/h3>\n\n\n\n<h4 class=\"wp-block-heading\">Personenbezogene Daten<\/h4>\n\n\n\n<p>Personenbezogene Daten sind alle Informationen, die sich auf eine identifizierte oder identifizierbare nat\u00fcrliche Person (im Folgenden \u201ebetroffene Person\u201c) beziehen. Als identifizierbar wird eine nat\u00fcrliche Person angesehen, die direkt oder indirekt, insbesondere mittels Zuordnung zu einer Kennung wie einem Namen, zu einer Kenn-Nummer, zu Standortdaten, zu einer Online-Kennung oder zu einem oder mehreren besonderen Merkmalen, die Ausdruck der physischen, physiologischen, genetischen, psychischen, wirtschaftlichen, kulturellen oder sozialen Identit\u00e4t dieser nat\u00fcrlichen Person sind, identifiziert werden kann.<\/p>\n\n\n\n<h4 class=\"wp-block-heading\">Verarbeitung<\/h4>\n\n\n\n<p>Verarbeitung ist jeder mit oder ohne Hilfe automatisierter Verfahren ausgef\u00fchrte Vorgang oder jede solche Vorgangsreihe im Zusammenhang mit personenbezogenen Daten wie das Erheben, das Erfassen, die Organisation, das Ordnen, die Speicherung, die Anpassung oder Ver\u00e4nderung, das Auslesen, das Abfragen, die Verwendung, die Offenlegung durch \u00dcbermittlung, Verbreitung oder eine andere Form der Bereitstellung, den Abgleich oder die Verkn\u00fcpfung, die Einschr\u00e4nkung, das L\u00f6schen oder die Vernichtung.<\/p>\n\n\n\n<h4 class=\"wp-block-heading\">Pseudonymisierung<\/h4>\n\n\n\n<p>Pseudonymisierung ist die Verarbeitung personenbezogener Daten in einer Weise, auf welche die personenbezogenen Daten ohne Hinzuziehung zus\u00e4tzlicher Informationen nicht mehr einer spezifischen betroffenen Person zugeordnet werden k\u00f6nnen, sofern diese zus\u00e4tzlichen Informationen gesondert aufbewahrt werden und technischen und organisatorischen Ma\u00dfnahmen unterliegen, die gew\u00e4hrleisten, dass die personenbezogenen Daten nicht einer identifizierten oder identifizierbaren nat\u00fcrlichen Person zugewiesen werden.<\/p>\n\n\n\n<h4 class=\"wp-block-heading\">Verantwortlicher oder f\u00fcr die Verarbeitung Verantwortlicher<\/h4>\n\n\n\n<p>Verantwortlicher oder f\u00fcr die Verarbeitung Verantwortlicher ist die nat\u00fcrliche oder juristische Person, Beh\u00f6rde, Einrichtung oder andere Stelle, die allein oder gemeinsam mit anderen \u00fcber die Zwecke und Mittel der Verarbeitung von personenbezogenen Daten entscheidet. Sind die Zwecke und Mittel dieser Verarbeitung durch das Unionsrecht oder das Recht der Mitgliedstaaten vorgegeben, so kann der Verantwortliche beziehungsweise k\u00f6nnen die bestimmten Kriterien seiner Benennung nach dem Unionsrecht oder dem Recht der Mitgliedstaaten vorgesehen werden.<\/p>\n\n\n\n<h4 class=\"wp-block-heading\">Auftragsverarbeiter<\/h4>\n\n\n\n<p>Auftragsverarbeiter ist eine nat\u00fcrliche oder juristische Person, Beh\u00f6rde, Einrichtung oder andere Stelle, die personenbezogene Daten im Auftrag des Verantwortlichen verarbeitet.<\/p>\n\n\n\n<h4 class=\"wp-block-heading\">Empf\u00e4nger<\/h4>\n\n\n\n<p>Empf\u00e4nger ist eine nat\u00fcrliche oder juristische Person, Beh\u00f6rde, Einrichtung oder andere Stelle, der personenbezogene Daten offengelegt werden, unabh\u00e4ngig davon, ob es sich bei ihr um einen Dritten handelt oder nicht. Beh\u00f6rden, die im Rahmen eines bestimmten Untersuchungsauftrags nach dem Unionsrecht oder dem Recht der Mitgliedstaaten m\u00f6glicherweise personenbezogene Daten erhalten, gelten jedoch nicht als Empf\u00e4nger.<\/p>\n\n\n\n<h4 class=\"wp-block-heading\">Dritter<\/h4>\n\n\n\n<p>Dritter ist eine nat\u00fcrliche oder juristische Person, Beh\u00f6rde, Einrichtung oder andere Stelle au\u00dfer der betroffenen Person, dem Verantwortlichen, dem Auftragsverarbeiter und den Personen, die unter der unmittelbaren Verantwortung des Verantwortlichen oder des Auftragsverarbeiters befugt sind, die personenbezogenen Daten zu verarbeiten.<\/p>\n\n\n\n<h4 class=\"wp-block-heading\">Einwilligung<\/h4>\n\n\n\n<p>Einwilligung ist jede von der betroffenen Person freiwillig f\u00fcr den bestimmten Fall in informierter Weise und unmissverst\u00e4ndlich abgegebene Willensbekundung in Form einer Erkl\u00e4rung oder einer sonstigen eindeutigen best\u00e4tigenden Handlung, mit der die betroffene Person zu verstehen gibt, dass sie mit der Verarbeitung der sie betreffenden personenbezogenen Daten einverstanden ist.<\/p>\n\n\n\n<h4 class=\"wp-block-heading\">Gesundheitsdaten<\/h4>\n\n\n\n<p>\u201eGesundheitsdaten\u201c sind personenbezogene Daten, die sich auf die k\u00f6rperliche oder geistige Gesundheit einer nat\u00fcrlichen Person, einschlie\u00dflich der Erbringung von Gesundheitsdienstleistungen, beziehen und aus denen Informationen \u00fcber deren Gesundheitszustand hervorgehen.<\/p>\n\n\n\n<h3 class=\"wp-block-heading\">C.&nbsp;&nbsp;&nbsp;Allgemeine Angaben<\/h3>\n\n\n\n<h4 class=\"wp-block-heading\">Verantwortlicher<\/h4>\n\n\n\n<p>Verantwortlicher im Sinne der Datenschutz-Grundverordnung ist:<\/p>\n\n\n\n<p>aescumed-aerzteservice GmbH<\/p>\n\n\n\n<p>Am Rupenhorn 12G<\/p>\n\n\n\n<p>14055 Berlin<\/p>\n\n\n\n<p>Tel. 06894 895 7777<\/p>\n\n\n\n<p>Fax 06894 895 7779<\/p>\n\n\n\n<p>E-Mail:&nbsp;<a href=\"mailto:info@aescumed-aerzteservice.de\">info@aescumed-aerzteservice.de<\/a><\/p>\n\n\n\n<p>(nachfolgend: aescumed)<\/p>\n\n\n\n<h4 class=\"wp-block-heading\">Datenschutzbeauftragter<\/h4>\n\n\n\n<p>Unseren Datenschutzbeauftragten erreichen Sie unter:<\/p>\n\n\n\n<p><br>Fax: 06751 9903728&nbsp;&nbsp;<\/p>\n\n\n\n<p>Tel. 06751 990 3700&nbsp; &nbsp; &nbsp; &nbsp; &nbsp; &nbsp; &nbsp; &nbsp; &nbsp; &nbsp; &nbsp; &nbsp; &nbsp; &nbsp; &nbsp; &nbsp; &nbsp; &nbsp; &nbsp; &nbsp; &nbsp; &nbsp; &nbsp;&nbsp;<\/p>\n\n\n\n<p>Email:&nbsp;<a href=\"mailto:rak@krziscik.de\">rak@krziscik.de<\/a><\/p>\n\n\n\n<p>Unser Datenschutzbeauftragter hilft Ihnen bei Fragen oder bei der Geltendmachung Ihrer Betroffenenrechte schnell und unkompliziert weiter.<\/p>\n\n\n\n<h4 class=\"wp-block-heading\">Art und Umfang der verarbeiteten Daten<\/h4>\n\n\n\n<p>Grunds\u00e4tzlich werden Nutzungsdaten (beispielsweise besuchte Webseiten, Zugriffszeiten) und Kommunikationsdaten (beispielsweise Browser-Informationen, IP-Adressen) verarbeitet.<\/p>\n\n\n\n<h4 class=\"wp-block-heading\">Browser und Serverdaten<\/h4>\n\n\n\n<p>Bitte beachten Sie, dass Ihr Browser uns bei der reinen Nutzung der Webseite Informationen \u00fcbermittelt. Der Zweck dieser \u00dcbermittlung ist es, Ihnen technisch den Besuch der Webseite zu erm\u00f6glichen. Die Daten werden zur Abwicklung des Informationsaufrufs ben\u00f6tigt. Die Art der \u00fcbermittelten Informationen h\u00e4ngt insofern auch von Ihren Einstellungen und technischen Vorgaben ab.&nbsp;Beim Zugriff auf unser Internetangebot ist daher die Erfassung folgender Daten m\u00f6glich:<\/p>\n\n\n\n<ul>\n<li>IP-Adresse&nbsp;<\/li>\n\n\n\n<li>Zeitpunkt des Zugriffs<\/li>\n\n\n\n<li>aufgerufene Seite bzw. Name der abgerufenen Datei (URL)<\/li>\n\n\n\n<li>Status-Informationen (z.B. Fehlercodes)<\/li>\n\n\n\n<li>\u00fcbertragene Datenmenge<\/li>\n\n\n\n<li>Browser-Informationen (genutzter Web-Browser, Betriebssystem, Spracheinstellung etc.)<\/li>\n<\/ul>\n\n\n\n<p>Die Daten werden f\u00fcr statistische und sicherheitsbezogene Zwecke genutzt. Eine Weitergabe an Dritte erfolgt nicht. Dieses Internetangebot verwendet selbst keine Techniken, die darauf abzielen, das Zugriffsverhalten einzelner Nutzer auszuwerten.&nbsp;Personenbezogene Nutzungsprofile werden nicht erstellt. Die Daten werden zu den angegebenen Zwecken maximal 7 Tage lang gespeichert.<\/p>\n\n\n\n<h4 class=\"wp-block-heading\">Cookies<\/h4>\n\n\n\n<p>Bei der Nutzung dieses Angebots werden Cookies auf Ihrem Rechner gespeichert. Die Rechtsgrundlage der Nutzung ist \u00a7 15 Abs. 1 TMG und \u00a7 15 Abs. 3 TMG unter Beachtung von Art. 6 Abs. 1 lit. f) DSGVO. Bei Cookies handelt es sich um kleine Textdateien, die auf Ihrer Festplatte von dem von Ihnen verwendeten Browser gespeichert werden und durch welche der Stelle, die den Cookies setzt, bestimmte Informationen zuflie\u00dfen. Cookies sind ein technisches Mittel, um die Funktion der Webseite sicherzustellen und die Nutzererfahrung zu verbessern. Sie dienen so beispielsweise dazu, dass Informationen \u00fcber mehrere Seiten hinweg gespeichert werden k\u00f6nnen. Wir nutzen Cookies f\u00fcr folgende Zwecke:&nbsp;<\/p>\n\n\n\n<ul>\n<li>Speicherung von Nutzereinstellungen.<\/li>\n<\/ul>\n\n\n\n<p>Wir nutzen folgende Typen von Cookies:&nbsp;<\/p>\n\n\n\n<ul>\n<li>Transiente Cookies (tempor\u00e4rer Einsatz)<\/li>\n\n\n\n<li>persistente Cookies (zeitlich beschr\u00e4nkter Einsatz).&nbsp;<\/li>\n<\/ul>\n\n\n\n<p>Letztere kommen gegebenenfalls durch Drittanbieter zum Einsatz. Die Cookies dienen unserem Interesse an der einfachen Bedienbarkeit und der Verbesserung unseres Webangebots.<\/p>\n\n\n\n<p>Die transienten Cookies werden automatisch gel\u00f6scht, wenn Sie den Browser schlie\u00dfen. Persistente Cookies werden automatisch nach einer vorgegeben Dauer gel\u00f6scht, die sich je nach Cookie unterscheiden kann. Die L\u00f6schfristen entsprechen den Vorgaben des entsprechenden Drittanbieters.<\/p>\n\n\n\n<p>Sie k\u00f6nnen die Cookies in den Sicherheitseinstellungen Ihres Browsers jederzeit l\u00f6schen. Zudem k\u00f6nnen Sie Ihren Browser so einstellen, dass dieser bestimmte oder alle Cookies ablehnt. Wir weisen jedoch darauf hin, dass in diesem Fall der Funktionsumfang der Webseite eingeschr\u00e4nkt sein kann. Die auf Cookies bezogenen Informationen werden bei uns getrennt von anderen eventuell bei uns angegebenen Daten gespeichert. Diese Daten werden ausdr\u00fccklich nicht mit Ihren weiteren Daten verkn\u00fcpft.<\/p>\n\n\n\n<h4 class=\"wp-block-heading\">Durch Sie \u00fcbermittelte Informationen<\/h4>\n\n\n\n<p>Eine direkte Kontaktm\u00f6glichkeit (beispielsweise mittels eines Webformulars) \u00fcber diese Webseite ist nicht vorgesehen. Soweit Sie die im Rahmen dieses Angebots abrufbaren Kontaktdaten zur Kontaktaufnahme nutzen, unterliegt es Ihrer freien Entscheidung, welche Daten Sie angeben.&nbsp;<\/p>\n\n\n\n<h4 class=\"wp-block-heading\">Kategorien betroffener Personen<\/h4>\n\n\n\n<p>Betroffen von der Datenverarbeitung durch unsere Webseite sind die Besucher des Webangebots.<\/p>\n\n\n\n<h4 class=\"wp-block-heading\">Zweck der Verarbeitung<\/h4>\n\n\n\n<ul>\n<li>Bereitstellung einer Onlinepr\u00e4senz<\/li>\n\n\n\n<li>Interaktionsm\u00f6glichkeit f\u00fcr Nutzer<\/li>\n\n\n\n<li>Sicherheitsma\u00dfnahmen<\/li>\n<\/ul>\n\n\n\n<h4 class=\"wp-block-heading\">Speicherdauer<\/h4>\n\n\n\n<p>Das Kriterium f\u00fcr die Dauer der Speicherung von personenbezogenen Daten ist die jeweilige gesetzliche Aufbewahrungsfrist und der Verarbeitungszweck. Nach Ablauf der Frist werden die entsprechenden Daten routinem\u00e4\u00dfig gel\u00f6scht, sofern sie nicht mehr zur Erreichung des Verarbeitungszwecks erforderlich sind.<\/p>\n\n\n\n<p>Die konkreten Speicherzeitr\u00e4ume werden innerhalb dieser Erkl\u00e4rung jeweils zu den einzelnen Datenverarbeitungsvorg\u00e4ngen angegeben.<\/p>\n\n\n\n<h4 class=\"wp-block-heading\">Rechtsgrundlage<\/h4>\n\n\n\n<p>Als Rechtsgrundlagen kommen mehrere Erlaubnistatbest\u00e4nde der DSGVO in Betracht: Zun\u00e4chst dient Art. 6 Abs. 1 lit. a) DS-GVO als Grundlage f\u00fcr Verarbeitungsvorg\u00e4nge, bei denen Ihre Einwilligung f\u00fcr den Verarbeitungsvorgang eingeholt wird. F\u00fcr solche Verarbeitungsvorg\u00e4nge die zur Durchf\u00fchrung vorvertraglicher Ma\u00dfnahmen erforderlich sind, etwa in F\u00e4llen von Anfragen zu unseren Leistungen, beruht die Verarbeitung auf Art. 6 Abs. 1 lit. b) DS-GVO. Im Fall der Erf\u00fcllung steuerlicher Pflichten, basiert die Verarbeitung auf Art. 6 Abs.1 lit. c) DS-GVO. Im Fall dieses Webangebots beruht die Verarbeitung der Daten \u00fcberwiegend auf Art. 6 Abs. 1 lit. f) DS-GVO. Diese Erlaubnisgrundlage greift, wenn die Verarbeitung zur Wahrung eines berechtigten Interesses des Verantwortlichen oder eines Dritten erforderlich ist, sofern die Interessen, Grundrechte und Grundfreiheiten des Betroffenen nicht \u00fcberwiegen.<\/p>\n\n\n\n<p>Die konkreten Interessen werden jeweils an der Stelle des Verarbeitungsvorgangs wiedergegeben.<\/p>\n\n\n\n<h4 class=\"wp-block-heading\">Technische Sicherungsma\u00dfnahmen<\/h4>\n\n\n\n<p>Wir unterhalten aktuelle technische und organisatorische Ma\u00dfnahmen zur Gew\u00e4hrleistung der Datensicherheit, insbesondere zum Schutz Ihrer personenbezogenen Daten vor Gefahren bei Daten\u00fcbertragungen sowie vor Kenntniserlangung durch Dritte. Diese werden dem aktuellen Stand der Technik entsprechend jeweils angepasst.<\/p>\n\n\n\n<h3 class=\"wp-block-heading\">D.&nbsp;&nbsp;Drittdienstleister<\/h3>\n\n\n\n<p>Sofern wir Dritte an der Verarbeitung teilhaben lassen, geschieht dies ausschlie\u00dflich auf der Grundlage einer gesetzlichen Erlaubnisnorm und unter Einhaltung der gesetzlichen Bestimmungen. Diese Erlaubnisnorm kann in Ihrer Einwilligung, einer rechtlichen Verpflichtung oder unseren berechtigten Interessen bestehen.<\/p>\n\n\n\n<h4 class=\"wp-block-heading\">Hosting<\/h4>\n\n\n\n<p>Die von uns gegebenenfalls in Anspruch genommenen Hosting-Leistungen dienen der Zurverf\u00fcgungstellung der folgenden Leistungen: Infrastruktur- und Plattformdienstleistungen, Softwaretools, Rechenkapazit\u00e4t, Speicherplatz und Wartungsdienstleistungen, die wir zum Zwecke des Betriebs dieses Onlineangebotes ben\u00f6tigen.<\/p>\n\n\n\n<p>Der Hostinganbieter verarbeitet die Nutzungsdaten auf Grundlage unseres berechtigten Interesses an einer effektiven und sicheren Zurverf\u00fcgungstellung dieses Onlineangebotes gem. Art. 6 Abs. 1 lit. f) DSGVO.<\/p>\n\n\n\n<p>Zu den Nutzungsdaten z\u00e4hlen die unter \u201eArt und Umfang der verarbeiteten Daten\u201c beschriebenen Daten. Diese Daten werden nach sieben Tagen gel\u00f6scht.<\/p>\n\n\n\n<h4 class=\"wp-block-heading\">Links zu anderen Webseiten<\/h4>\n\n\n\n<p>Unser Internetauftritt enth\u00e4lt Links zu Webseiten Dritter. Diese Datenschutzerkl\u00e4rung gilt nur f\u00fcr Inhalte unserer Internetseiten und umfasst nicht die auf dieser Seite verlinkten Webseiten Dritter. Wir haben weder Einfluss auf die Rechtm\u00e4\u00dfigkeit der Inhalte dieser Seiten noch deren Umgang mit pers\u00f6nlichen Daten. Bei Fragen zum Inhalt oder Datenschutz solcher Drittanbieter, wenden Sie sich bitte an den jeweiligen Anbieter.<\/p>\n\n\n\n<h4 class=\"wp-block-heading\">Plugins<\/h4>\n\n\n\n<p><strong>WordPress.com<\/strong><br>Unser Internetauftritt verwendet einen Webservice des Unternehmens Automattic Inc., 94043 San Francisco, CA. Wir nutzen den Webdienst WordPress, um die volle Funktionalit\u00e4t unserer Webseite zu gew\u00e4hrleisten und zu verbessern. In diesem Zusammenhang wird Ihr Browser ggf. personenbezogene Daten an WordPress.com \u00fcbermitteln. Rechtsgrundlage f\u00fcr die Datenverarbeitung ist Art. 6 Abs.1 lit. f) DSGVO. Das berechtigte Interesse besteht in einem fehlerfreien Funktionieren und der stetigen Verbesserung der Internetseite. Die Automattic Inc. gew\u00e4hrleistet und bietet ausreichende Garantien, das europ\u00e4ische Datenschutzrecht einzuhalten. Weitere Informationen zum Handling der \u00fcbertragenen Daten finden Sie in der Datenschutzerkl\u00e4rung von WordPress.com unter&nbsp;<a href=\"https:\/\/automattic.com\/privacy\/\" target=\"_blank\" rel=\"noreferrer noopener\">https:\/\/automattic.com\/privacy\/<\/a>.&nbsp;Die Automattic, Inc. gew\u00e4hrleistet und bietet ausreichende Garantien, das europ\u00e4ische Datenschutzrecht einzuhalten.<\/p>\n\n\n\n<h3 class=\"wp-block-heading\">E.&nbsp;&nbsp;&nbsp;Betroffenenrechte<\/h3>\n\n\n\n<p>Sie haben das Recht, jederzeit ohne Angabe von Gr\u00fcnden kostenfrei Auskunft \u00fcber Ihre bei uns gespeicherten Daten zu erhalten, sowie zur Herkunft, Empf\u00e4nger oder Kategorien von Empf\u00e4ngern, an die diese Daten weitergegeben werden und den Zweck der Speicherung. Sie k\u00f6nnen jederzeit Ihre bei uns erhobenen Daten berichtigen, l\u00f6schen oder die Verarbeitung einschr\u00e4nken sowie von Ihrem Recht auf Daten\u00fcbertragbarkeit Gebrauch machen. Des Weiteren steht Ihnen die M\u00f6glichkeit des Widerspruchs zu.<\/p>\n\n\n\n<p><strong>Berichtigung, L\u00f6schung oder Einschr\u00e4nkung der Verarbeitung<\/strong>: Sie haben das Recht, von der aescumed unverz\u00fcglich die Berichtigung Sie betreffender unrichtiger personenbezogener Daten zu verlangen. Unter Ber\u00fccksichtigung der Zwecke der Verarbeitung haben Sie das Recht, die Vervollst\u00e4ndigung unvollst\u00e4ndiger personenbezogener Daten \u2013 auch mittels einer erg\u00e4nzenden Erkl\u00e4rung \u2013 zu verlangen.<\/p>\n\n\n\n<p><strong>Widerspruchsrecht<\/strong>: Soweit die Verarbeitung Sie betreffender personenbezogener Daten aufgrund von Art. 6 Abs 1 lit. f) DSGVO erfolgt, haben Sie das Recht, aus Gr\u00fcnden, die sich aus Ihrer besonderen Situation ergeben, jederzeit Widerspruch gegen die Verarbeitung dieser Daten einzulegen. Wir verarbeiten diese personenbezogenen Daten dann nicht mehr, es sei denn, die aescumed kann zwingende schutzw\u00fcrdige Gr\u00fcnde f\u00fcr die Verarbeitung nachweisen, die Ihre Interessen, Rechte und Freiheiten \u00fcberwiegen, oder die Verarbeitung dient der Geltendmachung, Aus\u00fcbung oder Verteidigung von Rechtsanspr\u00fcchen.<\/p>\n\n\n\n<p><strong>Widerrufsrecht<\/strong>: Wenn die Verarbeitung auf einer Einwilligung beruht, haben Sie das Recht, die Einwilligung jederzeit zu widerrufen, ohne dass die Rechtm\u00e4\u00dfigkeit der aufgrund der Einwilligung bis zum Widerruf erfolgten Verarbeitung ber\u00fchrt wird. Hierzu k\u00f6nnen Sie uns oder unsere\/n Datenschutzbeauftragten jederzeit unter den oben genannten Daten kontaktieren.<\/p>\n\n\n\n<p><strong>Recht auf L\u00f6schung<\/strong>: Sie haben das Recht, von der aescumed zu verlangen, dass Sie betreffende personenbezogene Daten unverz\u00fcglich gel\u00f6scht werden, und die aescumed ist verpflichtet, personenbezogene Daten unverz\u00fcglich zu l\u00f6schen, sofern einer der folgenden Gr\u00fcnde zutrifft:&nbsp;<\/p>\n\n\n\n<ul>\n<li>Die personenbezogenen Daten sind f\u00fcr die Zwecke, f\u00fcr die sie erhoben oder auf sonstige Weise verarbeitet wurden, nicht mehr notwendig.<\/li>\n\n\n\n<li>Sie legen Widerspruch gegen die Verarbeitung ein und es liegen keine vorrangigen berechtigten Gr\u00fcnde f\u00fcr die Verarbeitung vor.<\/li>\n\n\n\n<li>Die L\u00f6schung der personenbezogenen Daten ist zur Erf\u00fcllung einer rechtlichen Verpflichtung nach dem Unionsrecht oder dem Recht der Mitgliedstaaten erforderlich, dem wir unterliegen. Dies gilt nicht, soweit die Verarbeitung zur Erf\u00fcllung einer rechtlichen Verpflichtung erforderlich ist, die die Verarbeitung nach dem Recht der Union oder der Mitgliedstaaten, dem wir unterliegen, erfordert.<\/li>\n<\/ul>\n\n\n\n<p><strong>Recht auf Einschr\u00e4nkung der Verarbeitung<\/strong>: Sie haben das Recht, von der aescumed die Einschr\u00e4nkung der Verarbeitung zu verlangen, wenn eine der folgenden Voraussetzungen gegeben ist:<\/p>\n\n\n\n<ul>\n<li>Die Richtigkeit der personenbezogenen Daten von Ihnen bestritten wird, und zwar f\u00fcr eine Dauer, die es uns erm\u00f6glicht, die Richtigkeit der personenbezogenen Daten zu \u00fcberpr\u00fcfen.<\/li>\n\n\n\n<li>Die Verarbeitung unrechtm\u00e4\u00dfig ist und Sie die L\u00f6schung der personenbezogenen Daten ablehnen und stattdessen die Einschr\u00e4nkung der Nutzung der personenbezogenen Daten verlangen.<\/li>\n\n\n\n<li>aescumed die personenbezogenen Daten f\u00fcr die Zwecke der Verarbeitung nicht l\u00e4nger ben\u00f6tigt, Sie sie jedoch zur Geltendmachung, Aus\u00fcbung oder Verteidigung von Rechtsanspr\u00fcchen ben\u00f6tigen, oder sie Widerspruch gegen die Verarbeitung eingelegt haben, und solange noch nicht feststeht, ob unsere berechtigten Gr\u00fcnde gegen\u00fcber den Ihrigen \u00fcberwiegen.<\/li>\n\n\n\n<li>Wurde die Verarbeitung eingeschr\u00e4nkt, so d\u00fcrfen diese personenbezogenen Daten, von ihrer Speicherung abgesehen, nur mit Ihrer Einwilligung oder zur Geltendmachung, Aus\u00fcbung oder Verteidigung von Rechtsanspr\u00fcchen oder zum Schutz der Rechte einer anderen nat\u00fcrlichen oder juristischen Person oder aus Gr\u00fcnden eines wichtigen \u00f6ffentlichen Interesses der Union oder eines Mitgliedstaats verarbeitet werden.<\/li>\n<\/ul>\n\n\n\n<p>Haben Sie eine Einschr\u00e4nkung der Verarbeitung erwirkt, werden wir Sie unterrichten, bevor die Einschr\u00e4nkung aufgehoben wird.<\/p>\n\n\n\n<p><strong>Beschwerderecht<\/strong>: Sie haben unbeschadet eines anderweitigen verwaltungsrechtlichen oder gerichtlichen Rechtsbehelfs das Recht auf Beschwerde bei einer Aufsichtsbeh\u00f6rde, insbesondere in dem Mitgliedstaat Ihres Aufenthaltsorts, Ihres Arbeitsplatzes oder des Orts des mutma\u00dflichen Versto\u00dfes, wenn Sie der Ansicht sind, dass die Verarbeitung der Sie betreffenden personenbezogenen Daten gegen die DSGVO verst\u00f6\u00dft. Sie k\u00f6nnen sich auch an den Datenschutzbeauftragten der aescumed wenden. Diesen erreichen Sie unter:<\/p>\n\n\n\n<p><br>Fax: 06751 9903728\u00a0\u00a0<\/p>\n\n\n\n<p>Tel. 06751 990 3700&nbsp; &nbsp; &nbsp; &nbsp; &nbsp; &nbsp; &nbsp; &nbsp; &nbsp; &nbsp; &nbsp; &nbsp; &nbsp; &nbsp; &nbsp; &nbsp; &nbsp; &nbsp; &nbsp; &nbsp; &nbsp; &nbsp; &nbsp;&nbsp;<\/p>\n\n\n\n<p>Email:\u00a0<a href=\"mailto:rak@krziscik.de\">rak@krziscik.de<\/a><\/p>\n\n\n\n<p>Wir stehen Ihnen jederzeit gern f\u00fcr weitergehende Fragen zu unseren Hinweisen, zum Datenschutz und zur Verarbeitung Ihrer pers\u00f6nlichen Daten zur Verf\u00fcgung. Weitere Informationen zum Thema Datenschutz in der Bundesrepublik Deutschland finden Sie zudem unter&nbsp;<a href=\"http:\/\/www.bfd.bund.de\/\">www.bfd.bund.de<\/a>.<\/p>\n\n\n\n<p>Stand der Datenschutzerkl\u00e4rung und der Informationen: 23.09.2020<\/p>\n","protected":false},"excerpt":{"rendered":"<p>Datenschutzerkl\u00e4rung Webseite&nbsp;aescumed-aerzteservice.de A.&nbsp;&nbsp;&nbsp;Datenschutzziele Wir streben eine langfristige Beziehung zu unseren Mitarbeitern\/innen und eine durchg\u00e4ngig hohe Zufriedenheit unserer Nutzer\/innen an. Dabei stellen wir insbesondere die Gestaltung der individuellen Beziehung zu Ihnen in den Mittelpunkt und richten alle unsere weiteren Ziele daran aus. Ein wichtiger Teil dieser Beziehungen basiert auf Vertrauen. Daher treten wir vollumf\u00e4nglich f\u00fcr den &hellip; <\/p>\n<p class=\"link-more\"><a href=\"https:\/\/aescumed-aerzteservice.de\/?page_id=97\" class=\"more-link\"><span class=\"screen-reader-text\">\u201eDatenschutz\u201c<\/span> weiterlesen<\/a><\/p>\n","protected":false},"author":1,"featured_media":0,"parent":0,"menu_order":0,"comment_status":"closed","ping_status":"closed","template":"","meta":{"footnotes":""},"_links":{"self":[{"href":"https:\/\/aescumed-aerzteservice.de\/index.php?rest_route=\/wp\/v2\/pages\/97"}],"collection":[{"href":"https:\/\/aescumed-aerzteservice.de\/index.php?rest_route=\/wp\/v2\/pages"}],"about":[{"href":"https:\/\/aescumed-aerzteservice.de\/index.php?rest_route=\/wp\/v2\/types\/page"}],"author":[{"embeddable":true,"href":"https:\/\/aescumed-aerzteservice.de\/index.php?rest_route=\/wp\/v2\/users\/1"}],"replies":[{"embeddable":true,"href":"https:\/\/aescumed-aerzteservice.de\/index.php?rest_route=%2Fwp%2Fv2%2Fcomments&post=97"}],"version-history":[{"count":15,"href":"https:\/\/aescumed-aerzteservice.de\/index.php?rest_route=\/wp\/v2\/pages\/97\/revisions"}],"predecessor-version":[{"id":263,"href":"https:\/\/aescumed-aerzteservice.de\/index.php?rest_route=\/wp\/v2\/pages\/97\/revisions\/263"}],"wp:attachment":[{"href":"https:\/\/aescumed-aerzteservice.de\/index.php?rest_route=%2Fwp%2Fv2%2Fmedia&parent=97"}],"curies":[{"name":"wp","href":"https:\/\/api.w.org\/{rel}","templated":true}]}}